{"id":1065,"date":"2019-12-02T15:27:59","date_gmt":"2019-12-02T15:27:59","guid":{"rendered":"http:\/\/codetrauma.shared2.leeroy.ca\/?page_id=1065"},"modified":"2024-11-29T22:00:35","modified_gmt":"2024-11-29T22:00:35","slug":"ambassador","status":"publish","type":"page","link":"https:\/\/www.codetrauma.com\/en\/prevention\/ambassador\/","title":{"rendered":"Road Safety Ambassador Program"},"content":{"rendered":"<p><iframe loading=\"lazy\" style=\"border: none; overflow: hidden;\" src=\"https:\/\/www.facebook.com\/plugins\/video.php?height=314&amp;href=https%3A%2F%2Fwww.facebook.com%2FPoliceSpal%2Fvideos%2F659899025681492%2F&amp;show_text=false&amp;width=560&amp;t=0\" width=\"560\" height=\"314\" frameborder=\"0\" scrolling=\"no\" allowfullscreen=\"allowfullscreen\"><\/iframe><\/p>\n<p>The <strong>Road Safety and Injury Prevention Ambassadors Program<\/strong> includes the following steps:<\/p>\n<ol>\n<li>Attending a tour of the Montreal General Hospital Trauma Centre<\/li>\n<li>Sharing the tour experience with their peers<\/li>\n<li>Creating an Injury Prevention Project to present to their peers<\/li>\n<li>Obtaining a certificate of completion<\/li>\n<\/ol>\n<p>The original in-person program was created in partnership with the Longeuil Police Service (SPAL) and the Soci\u00e9t\u00e9 de l&#8217;assurance automobile du Qu\u00e9bec (SAAQ). In 2015, it received provincial recognition with the &#8220;Award of Excellence for the best prevention program in partnership&#8221; at the <em>Intersection polici\u00e8re <\/em>Gala.<\/p>\n<p>There is now a virtual version available<\/p>\n<h2><strong>Trauma Centre Tour<\/strong><\/h2>\n<p><iframe loading=\"lazy\" title=\"What happens inside a Trauma Centre?\" width=\"500\" height=\"281\" src=\"https:\/\/www.youtube.com\/embed\/F9jk9hgXWa0?feature=oembed\" frameborder=\"0\" allow=\"accelerometer; autoplay; clipboard-write; encrypted-media; gyroscope; picture-in-picture; web-share\" referrerpolicy=\"strict-origin-when-cross-origin\" allowfullscreen><\/iframe><\/p>\n<p>The Montreal General Hospital Trauma Centre Tour gives young people the opportunity to understand what a trauma patient goes through: resuscitation, surgery, rehabilitation, etc.<\/p>\n<p>Most of all, the main goal is for young people to see the consequences of so-called &#8220;risky&#8221; behaviour, and learn how to identify and reduce these behaviours in order to lower their risk of trauma.<\/p>\n<p>For example, they witness the re-enactment of life-saving medical procedures, hear testimonials from trauma survivors, and get a closer look at the work of various health professionals. They will get an inside look at the following areas: the resuscitation room in the emergency room where a scenario is staged, the CT scan room, the operating room, and the intensive care unit.\u00a0 Lastly, we discuss the importance of the blood bank, tissue and organ donation.<\/p>\n<h2><strong>Projects and Certificate<\/strong><\/h2>\n<p>Then, back in the classroom or virtual classroom, the Young Ambassadors, their community police officer or dedicated staff will collaborate to create one or multiple Injury Prevention projects to share with their peers and on social media.\u00a0 The program encourages creativity and is flexible regarding the projects. For example, Ambassadors can consult a list of ideas or create their own innovative project alone or in groups; project presentations can be given throughout the school year or just once, as decided by the school.<\/p>\n<p>All Ambassadors who have attended the visit, shared their experience, completed their project and submitted it to Code Trauma will receive an official certificate of completion.<\/p>\n<h2><strong>How do I register?<\/strong><\/h2>\n<p>In order to register for the program, please follow these steps:<\/p>\n<ol>\n<li style=\"list-style-type: none;\">\n<ol>\n<li>Select a date and confirm its availability with us by email: codetrauma@muhc.mcgill.ca;.\u00a0 Let us know how many students will attend, and if you will attend as a group or if you wish to attend virtually.<\/li>\n<li>Ensure each student completes our <a href=\"https:\/\/codetrauma.s3.us-east-2.amazonaws.com\/2019\/12\/formulaire-de-consentement-bilingue.pdf\">consent form<\/a> prior to the Virtual Trauma Centre Tour;<\/li>\n<li>Send us a list of students who will be attending the visit (Excel format);<\/li>\n<li>Give the students the link to the <a href=\"https:\/\/docs.google.com\/forms\/d\/e\/1FAIpQLSeITwPg7JeskZhSLrNOTg0KWY5yIxclAShUdU8dqrEVRBp5qw\/viewform?usp=sf_link\">Pre-Visit Form<\/a> questionnaire and time to answer the questions and submit the questionnaire;<\/li>\n<li>After the visit, give the students the link to the <a href=\"https:\/\/docs.google.com\/forms\/d\/e\/1FAIpQLSc36TPFgqHT1yf1P6PtVY_LRCWSVcsQwz8gcV72yaeslEXMEA\/viewform?usp=sf_link\">Post-Visit<\/a> evaluation and give them sufficient time to complete it.<\/li>\n<\/ol>\n<\/li>\n<\/ol>\n<h2><strong>Supplemental videos:<\/strong><\/h2>\n<p><strong>Importance of Blood Bank<\/strong><br \/>\n<iframe loading=\"lazy\" title=\"Monica Howard E\" width=\"500\" height=\"281\" src=\"https:\/\/www.youtube.com\/embed\/SNYWgBTGJxg?feature=oembed\" frameborder=\"0\" allow=\"accelerometer; autoplay; clipboard-write; encrypted-media; gyroscope; picture-in-picture; web-share\" referrerpolicy=\"strict-origin-when-cross-origin\" allowfullscreen><\/iframe><\/p>\n<p><strong>Tissue and Organ Donation<\/strong><br \/>\n<iframe loading=\"lazy\" title=\"Wendy Sherry: English\" width=\"500\" height=\"281\" src=\"https:\/\/www.youtube.com\/embed\/h6y1P2ny-Jg?feature=oembed\" frameborder=\"0\" allow=\"accelerometer; autoplay; clipboard-write; encrypted-media; gyroscope; picture-in-picture; web-share\" referrerpolicy=\"strict-origin-when-cross-origin\" allowfullscreen><\/iframe><\/p>\n<p><strong>Physiotherapy<\/strong><br \/>\n<iframe loading=\"lazy\" title=\"Howell Lin: English\" width=\"500\" height=\"281\" src=\"https:\/\/www.youtube.com\/embed\/oCEIYbwoJTM?feature=oembed\" frameborder=\"0\" allow=\"accelerometer; autoplay; clipboard-write; encrypted-media; gyroscope; picture-in-picture; web-share\" referrerpolicy=\"strict-origin-when-cross-origin\" allowfullscreen><\/iframe><\/p>\n<p><strong>Hand washing<\/strong><br \/>\n<iframe loading=\"lazy\" title=\"Hand wash\" width=\"500\" height=\"281\" src=\"https:\/\/www.youtube.com\/embed\/Jd_Q_kTyj-c?feature=oembed\" frameborder=\"0\" allow=\"accelerometer; autoplay; clipboard-write; encrypted-media; gyroscope; picture-in-picture; web-share\" referrerpolicy=\"strict-origin-when-cross-origin\" allowfullscreen><\/iframe><\/p>\n<p><strong>Gown<\/strong><br \/>\n<iframe loading=\"lazy\" title=\"Gown\" width=\"500\" height=\"281\" src=\"https:\/\/www.youtube.com\/embed\/mvySGR6zatk?feature=oembed\" frameborder=\"0\" allow=\"accelerometer; autoplay; clipboard-write; encrypted-media; gyroscope; picture-in-picture; web-share\" referrerpolicy=\"strict-origin-when-cross-origin\" allowfullscreen><\/iframe><\/p>\n<p><strong>Bag- valve-mask<\/strong><br \/>\n<iframe loading=\"lazy\" title=\"Bag Valve Mask\" width=\"500\" height=\"281\" src=\"https:\/\/www.youtube.com\/embed\/OYHD4vyXUA0?feature=oembed\" frameborder=\"0\" allow=\"accelerometer; autoplay; clipboard-write; encrypted-media; gyroscope; picture-in-picture; web-share\" referrerpolicy=\"strict-origin-when-cross-origin\" allowfullscreen><\/iframe><\/p>\n<p><strong>Intubation<\/strong><br \/>\n<iframe loading=\"lazy\" title=\"Intubation\" width=\"500\" height=\"281\" src=\"https:\/\/www.youtube.com\/embed\/7iOvaBrdSsU?feature=oembed\" frameborder=\"0\" allow=\"accelerometer; autoplay; clipboard-write; encrypted-media; gyroscope; picture-in-picture; web-share\" referrerpolicy=\"strict-origin-when-cross-origin\" allowfullscreen><\/iframe><\/p>\n<p><strong>Cricothyrocodomy<\/strong><br \/>\n<iframe loading=\"lazy\" title=\"Cycothyroidotomy\" width=\"500\" height=\"281\" src=\"https:\/\/www.youtube.com\/embed\/SFif13hhRQM?feature=oembed\" frameborder=\"0\" allow=\"accelerometer; autoplay; clipboard-write; encrypted-media; gyroscope; picture-in-picture; web-share\" referrerpolicy=\"strict-origin-when-cross-origin\" allowfullscreen><\/iframe><\/p>\n<p><strong>Chest Tube<\/strong><br \/>\n<iframe loading=\"lazy\" title=\"Chest Tube Insertion\" width=\"500\" height=\"281\" src=\"https:\/\/www.youtube.com\/embed\/1WZIBdEvZdM?feature=oembed\" frameborder=\"0\" allow=\"accelerometer; autoplay; clipboard-write; encrypted-media; gyroscope; picture-in-picture; web-share\" referrerpolicy=\"strict-origin-when-cross-origin\" allowfullscreen><\/iframe><\/p>\n","protected":false},"excerpt":{"rendered":"<p>The Road Safety and Injury Prevention Ambassadors Program includes the following steps: Attending a tour of the Montreal General Hospital Trauma Centre Sharing the tour experience with their peers Creating an Injury Prevention Project to present to their peers Obtaining a certificate of completion The original in-person program was created in partnership with the Longeuil [&hellip;]<\/p>\n","protected":false},"author":2,"featured_media":961,"parent":58,"menu_order":1,"comment_status":"closed","ping_status":"closed","template":"single.php","meta":{"_acf_changed":false,"footnotes":""},"class_list":["post-1065","page","type-page","status-publish","has-post-thumbnail","hentry"],"acf":[],"yoast_head":"<!-- This site is optimized with the Yoast SEO plugin v26.4 - https:\/\/yoast.com\/wordpress\/plugins\/seo\/ -->\n<title>Road Safety Ambassador Program - Code Trauma<\/title>\n<meta name=\"robots\" content=\"index, follow, max-snippet:-1, max-image-preview:large, max-video-preview:-1\" \/>\n<link rel=\"canonical\" href=\"https:\/\/www.codetrauma.com\/en\/prevention\/ambassador\/\" \/>\n<meta property=\"og:locale\" content=\"en_US\" \/>\n<meta property=\"og:type\" content=\"article\" \/>\n<meta property=\"og:title\" content=\"Road Safety Ambassador Program - Code Trauma\" \/>\n<meta property=\"og:description\" content=\"The Road Safety and Injury Prevention Ambassadors Program includes the following steps: Attending a tour of the Montreal General Hospital Trauma Centre Sharing the tour experience with their peers Creating an Injury Prevention Project to present to their peers Obtaining a certificate of completion The original in-person program was created in partnership with the Longeuil [&hellip;]\" \/>\n<meta property=\"og:url\" content=\"https:\/\/www.codetrauma.com\/en\/prevention\/ambassador\/\" \/>\n<meta property=\"og:site_name\" content=\"Code Trauma\" \/>\n<meta property=\"article:modified_time\" content=\"2024-11-29T22:00:35+00:00\" \/>\n<meta property=\"og:image\" content=\"https:\/\/codetrauma.s3.us-east-2.amazonaws.com\/2019\/10\/CT_SchoolProgram-page-events-compressor.png\" \/>\n\t<meta property=\"og:image:width\" content=\"768\" \/>\n\t<meta property=\"og:image:height\" content=\"599\" \/>\n\t<meta property=\"og:image:type\" content=\"image\/png\" \/>\n<meta name=\"twitter:card\" content=\"summary_large_image\" \/>\n<meta name=\"twitter:label1\" content=\"Est. reading time\" \/>\n\t<meta name=\"twitter:data1\" content=\"3 minutes\" \/>\n<script type=\"application\/ld+json\" class=\"yoast-schema-graph\">{\"@context\":\"https:\/\/schema.org\",\"@graph\":[{\"@type\":\"WebPage\",\"@id\":\"https:\/\/www.codetrauma.com\/en\/prevention\/ambassador\/\",\"url\":\"https:\/\/www.codetrauma.com\/en\/prevention\/ambassador\/\",\"name\":\"Road Safety Ambassador Program - Code Trauma\",\"isPartOf\":{\"@id\":\"https:\/\/www.codetrauma.com\/en\/#website\"},\"primaryImageOfPage\":{\"@id\":\"https:\/\/www.codetrauma.com\/en\/prevention\/ambassador\/#primaryimage\"},\"image\":{\"@id\":\"https:\/\/www.codetrauma.com\/en\/prevention\/ambassador\/#primaryimage\"},\"thumbnailUrl\":\"https:\/\/codetrauma.s3.us-east-2.amazonaws.com\/2019\/10\/CT_SchoolProgram-page-events-compressor.png\",\"datePublished\":\"2019-12-02T15:27:59+00:00\",\"dateModified\":\"2024-11-29T22:00:35+00:00\",\"breadcrumb\":{\"@id\":\"https:\/\/www.codetrauma.com\/en\/prevention\/ambassador\/#breadcrumb\"},\"inLanguage\":\"en\",\"potentialAction\":[{\"@type\":\"ReadAction\",\"target\":[\"https:\/\/www.codetrauma.com\/en\/prevention\/ambassador\/\"]}]},{\"@type\":\"ImageObject\",\"inLanguage\":\"en\",\"@id\":\"https:\/\/www.codetrauma.com\/en\/prevention\/ambassador\/#primaryimage\",\"url\":\"https:\/\/codetrauma.s3.us-east-2.amazonaws.com\/2019\/10\/CT_SchoolProgram-page-events-compressor.png\",\"contentUrl\":\"https:\/\/codetrauma.s3.us-east-2.amazonaws.com\/2019\/10\/CT_SchoolProgram-page-events-compressor.png\",\"width\":768,\"height\":599},{\"@type\":\"BreadcrumbList\",\"@id\":\"https:\/\/www.codetrauma.com\/en\/prevention\/ambassador\/#breadcrumb\",\"itemListElement\":[{\"@type\":\"ListItem\",\"position\":1,\"name\":\"Home\",\"item\":\"https:\/\/www.codetrauma.com\/en\/\"},{\"@type\":\"ListItem\",\"position\":2,\"name\":\"Activities\",\"item\":\"https:\/\/www.codetrauma.com\/en\/prevention\/\"},{\"@type\":\"ListItem\",\"position\":3,\"name\":\"Road Safety Ambassador Program\"}]},{\"@type\":\"WebSite\",\"@id\":\"https:\/\/www.codetrauma.com\/en\/#website\",\"url\":\"https:\/\/www.codetrauma.com\/en\/\",\"name\":\"Code Trauma\",\"description\":\"\",\"potentialAction\":[{\"@type\":\"SearchAction\",\"target\":{\"@type\":\"EntryPoint\",\"urlTemplate\":\"https:\/\/www.codetrauma.com\/en\/?s={search_term_string}\"},\"query-input\":{\"@type\":\"PropertyValueSpecification\",\"valueRequired\":true,\"valueName\":\"search_term_string\"}}],\"inLanguage\":\"en\"}]}<\/script>\n<!-- \/ Yoast SEO plugin. -->","yoast_head_json":{"title":"Road Safety Ambassador Program - Code Trauma","robots":{"index":"index","follow":"follow","max-snippet":"max-snippet:-1","max-image-preview":"max-image-preview:large","max-video-preview":"max-video-preview:-1"},"canonical":"https:\/\/www.codetrauma.com\/en\/prevention\/ambassador\/","og_locale":"en_US","og_type":"article","og_title":"Road Safety Ambassador Program - Code Trauma","og_description":"The Road Safety and Injury Prevention Ambassadors Program includes the following steps: Attending a tour of the Montreal General Hospital Trauma Centre Sharing the tour experience with their peers Creating an Injury Prevention Project to present to their peers Obtaining a certificate of completion The original in-person program was created in partnership with the Longeuil [&hellip;]","og_url":"https:\/\/www.codetrauma.com\/en\/prevention\/ambassador\/","og_site_name":"Code Trauma","article_modified_time":"2024-11-29T22:00:35+00:00","og_image":[{"width":768,"height":599,"url":"https:\/\/codetrauma.s3.us-east-2.amazonaws.com\/2019\/10\/CT_SchoolProgram-page-events-compressor.png","type":"image\/png"}],"twitter_card":"summary_large_image","twitter_misc":{"Est. reading time":"3 minutes"},"schema":{"@context":"https:\/\/schema.org","@graph":[{"@type":"WebPage","@id":"https:\/\/www.codetrauma.com\/en\/prevention\/ambassador\/","url":"https:\/\/www.codetrauma.com\/en\/prevention\/ambassador\/","name":"Road Safety Ambassador Program - Code Trauma","isPartOf":{"@id":"https:\/\/www.codetrauma.com\/en\/#website"},"primaryImageOfPage":{"@id":"https:\/\/www.codetrauma.com\/en\/prevention\/ambassador\/#primaryimage"},"image":{"@id":"https:\/\/www.codetrauma.com\/en\/prevention\/ambassador\/#primaryimage"},"thumbnailUrl":"https:\/\/codetrauma.s3.us-east-2.amazonaws.com\/2019\/10\/CT_SchoolProgram-page-events-compressor.png","datePublished":"2019-12-02T15:27:59+00:00","dateModified":"2024-11-29T22:00:35+00:00","breadcrumb":{"@id":"https:\/\/www.codetrauma.com\/en\/prevention\/ambassador\/#breadcrumb"},"inLanguage":"en","potentialAction":[{"@type":"ReadAction","target":["https:\/\/www.codetrauma.com\/en\/prevention\/ambassador\/"]}]},{"@type":"ImageObject","inLanguage":"en","@id":"https:\/\/www.codetrauma.com\/en\/prevention\/ambassador\/#primaryimage","url":"https:\/\/codetrauma.s3.us-east-2.amazonaws.com\/2019\/10\/CT_SchoolProgram-page-events-compressor.png","contentUrl":"https:\/\/codetrauma.s3.us-east-2.amazonaws.com\/2019\/10\/CT_SchoolProgram-page-events-compressor.png","width":768,"height":599},{"@type":"BreadcrumbList","@id":"https:\/\/www.codetrauma.com\/en\/prevention\/ambassador\/#breadcrumb","itemListElement":[{"@type":"ListItem","position":1,"name":"Home","item":"https:\/\/www.codetrauma.com\/en\/"},{"@type":"ListItem","position":2,"name":"Activities","item":"https:\/\/www.codetrauma.com\/en\/prevention\/"},{"@type":"ListItem","position":3,"name":"Road Safety Ambassador Program"}]},{"@type":"WebSite","@id":"https:\/\/www.codetrauma.com\/en\/#website","url":"https:\/\/www.codetrauma.com\/en\/","name":"Code Trauma","description":"","potentialAction":[{"@type":"SearchAction","target":{"@type":"EntryPoint","urlTemplate":"https:\/\/www.codetrauma.com\/en\/?s={search_term_string}"},"query-input":{"@type":"PropertyValueSpecification","valueRequired":true,"valueName":"search_term_string"}}],"inLanguage":"en"}]}},"publishpress_future_workflow_manual_trigger":{"enabledWorkflows":[]},"_links":{"self":[{"href":"https:\/\/www.codetrauma.com\/en\/wp-json\/wp\/v2\/pages\/1065","targetHints":{"allow":["GET"]}}],"collection":[{"href":"https:\/\/www.codetrauma.com\/en\/wp-json\/wp\/v2\/pages"}],"about":[{"href":"https:\/\/www.codetrauma.com\/en\/wp-json\/wp\/v2\/types\/page"}],"author":[{"embeddable":true,"href":"https:\/\/www.codetrauma.com\/en\/wp-json\/wp\/v2\/users\/2"}],"replies":[{"embeddable":true,"href":"https:\/\/www.codetrauma.com\/en\/wp-json\/wp\/v2\/comments?post=1065"}],"version-history":[{"count":35,"href":"https:\/\/www.codetrauma.com\/en\/wp-json\/wp\/v2\/pages\/1065\/revisions"}],"predecessor-version":[{"id":3009,"href":"https:\/\/www.codetrauma.com\/en\/wp-json\/wp\/v2\/pages\/1065\/revisions\/3009"}],"up":[{"embeddable":true,"href":"https:\/\/www.codetrauma.com\/en\/wp-json\/wp\/v2\/pages\/58"}],"wp:featuredmedia":[{"embeddable":true,"href":"https:\/\/www.codetrauma.com\/en\/wp-json\/wp\/v2\/media\/961"}],"wp:attachment":[{"href":"https:\/\/www.codetrauma.com\/en\/wp-json\/wp\/v2\/media?parent=1065"}],"curies":[{"name":"wp","href":"https:\/\/api.w.org\/{rel}","templated":true}]}}